{"id":37,"date":"2016-04-07T10:47:34","date_gmt":"2016-04-07T08:47:34","guid":{"rendered":"http:\/\/ems-straufhain.wp\/?page_id=37"},"modified":"2024-12-09T10:43:54","modified_gmt":"2024-12-09T09:43:54","slug":"career","status":"publish","type":"page","link":"https:\/\/www.ems-straufhain.de\/en\/career\/","title":{"rendered":"Career"},"content":{"rendered":"<p>[et_pb_section admin_label=&#8220;Sektion&#8220; fullwidth=&#8220;on&#8220; specialty=&#8220;off&#8220;][et_pb_fullwidth_slider admin_label=&#8220;Vollbreiter Slider&#8220; show_arrows=&#8220;on&#8220; show_pagination=&#8220;on&#8220; auto=&#8220;off&#8220; auto_ignore_hover=&#8220;off&#8220; parallax=&#8220;off&#8220; parallax_method=&#8220;off&#8220; remove_inner_shadow=&#8220;off&#8220; background_position=&#8220;default&#8220; background_size=&#8220;default&#8220; hide_content_on_mobile=&#8220;off&#8220; hide_cta_on_mobile=&#8220;off&#8220; show_image_video_mobile=&#8220;off&#8220; custom_button=&#8220;off&#8220; button_letter_spacing=&#8220;0&#8243; button_use_icon=&#8220;default&#8220; button_icon_placement=&#8220;right&#8220; button_on_hover=&#8220;on&#8220; button_letter_spacing_hover=&#8220;0&#8243;]<\/p>\n<p>[et_pb_slide background_image=&#8220;http:\/\/www.ems-straufhain.de\/en\/wp-content\/uploads\/sites\/2\/2016\/04\/ems_slider_karriere-1.jpg&#8220; background_position=&#8220;default&#8220; background_size=&#8220;default&#8220; background_color=&#8220;#ffffff&#8220; use_bg_overlay=&#8220;off&#8220; use_text_overlay=&#8220;off&#8220; alignment=&#8220;center&#8220; background_layout=&#8220;dark&#8220; allow_player_pause=&#8220;off&#8220; text_border_radius=&#8220;3&#8243; header_font_select=&#8220;default&#8220; header_font=&#8220;||||&#8220; body_font_select=&#8220;default&#8220; body_font=&#8220;||||&#8220; custom_button=&#8220;off&#8220; button_font_select=&#8220;default&#8220; button_font=&#8220;||||&#8220; button_use_icon=&#8220;default&#8220; button_icon_placement=&#8220;right&#8220; button_on_hover=&#8220;on&#8220;]<\/p>\n<p>[\/et_pb_slide]<\/p>\n<p>[\/et_pb_fullwidth_slider][\/et_pb_section][et_pb_section admin_label=&#8220;Sektion&#8220; fullwidth=&#8220;off&#8220; specialty=&#8220;on&#8220;][et_pb_column type=&#8220;1_2&#8243; specialty_columns=&#8220;2&#8243;][et_pb_row_inner admin_label=&#8220;Zeile&#8220; padding_mobile=&#8220;off&#8220; use_custom_gutter=&#8220;off&#8220; column_padding_mobile=&#8220;on&#8220; make_equal=&#8220;off&#8220; parallax_1=&#8220;off&#8220; parallax_method_1=&#8220;off&#8220;][et_pb_column_inner type=&#8220;4_4&#8243; saved_specialty_column_type=&#8220;1_2&#8243;][et_pb_text admin_label=&#8220;Text&#8220; background_layout=&#8220;light&#8220; text_orientation=&#8220;left&#8220; use_border_color=&#8220;off&#8220; border_color=&#8220;#ffffff&#8220; border_style=&#8220;solid&#8220;]<\/p>\n<p>Should you wish to begin a career with EMS, please refer to our current job vacancies list.<\/p>\n<p>Modern facilities offer our staff a spacious and optimal working environment.<\/p>\n<p>Modern technology requires a highly qualified workforce. In the various departments of our company we employ specialists from the following professional groups:<\/p>\n<p>[\/et_pb_text][\/et_pb_column_inner][\/et_pb_row_inner][et_pb_row_inner admin_label=&#8220;Zeile&#8220; custom_padding=&#8220;0px|||&#8220; padding_mobile=&#8220;off&#8220; use_custom_gutter=&#8220;off&#8220; column_padding_mobile=&#8220;on&#8220; make_equal=&#8220;off&#8220; parallax_1=&#8220;off&#8220; parallax_method_1=&#8220;off&#8220; parallax_2=&#8220;off&#8220; parallax_method_2=&#8220;off&#8220;][et_pb_column_inner type=&#8220;1_2&#8243; saved_specialty_column_type=&#8220;1_2&#8243;][et_pb_text admin_label=&#8220;Liste 1\/2&#8243; background_layout=&#8220;light&#8220; text_orientation=&#8220;left&#8220; use_border_color=&#8220;off&#8220; border_color=&#8220;#ffffff&#8220; border_style=&#8220;solid&#8220;]<\/p>\n<ul>\n<li>mechanical engineers<\/li>\n<li>electrical engineers<\/li>\n<li>industrial sales-people<\/li>\n<li>programmers<\/li>\n<li>industrial craftsmen<\/li>\n<\/ul>\n<p>[\/et_pb_text][\/et_pb_column_inner][et_pb_column_inner type=&#8220;1_2&#8243; saved_specialty_column_type=&#8220;1_2&#8243;][et_pb_text admin_label=&#8220;Liste 2\/2&#8243; background_layout=&#8220;light&#8220; text_orientation=&#8220;left&#8220; use_border_color=&#8220;off&#8220; border_color=&#8220;#ffffff&#8220; border_style=&#8220;solid&#8220;]<\/p>\n<ul>\n<li>machining technicians for CNC-technology<\/li>\n<li>tool-setters for lathe machines<\/li>\n<li>tool-setters for CNC-machines<\/li>\n<li>warehouse personnel<\/li>\n<li>machine operators<\/li>\n<\/ul>\n<p>&nbsp;<\/p>\n<p>[\/et_pb_text][\/et_pb_column_inner][\/et_pb_row_inner][\/et_pb_column][et_pb_column type=&#8220;1_2&#8243;][et_pb_text admin_label=&#8220;Application Address&#8220; background_layout=&#8220;light&#8220; text_orientation=&#8220;left&#8220; use_border_color=&#8220;off&#8220; border_color=&#8220;#ffffff&#8220; border_style=&#8220;solid&#8220;]<\/p>\n<p><strong>Adress for your letter of application:<\/strong><\/p>\n<p>EMS Straufhain GmbH<br \/>\nFrau Peggy Schmidt<br \/>\nAm Wei\u00dfbach 4<br \/>\n98646 Streufdorf<\/p>\n<p>E-Mail: <a href=\"&#109;&#x61;i&#108;&#x74;o&#x3a;&#x70;&#115;&#x40;e&#109;&#x73;-&#115;&#x74;&#114;&#x61;u&#102;&#x68;a&#105;&#x6e;&#46;&#x64;&#x65;\">&#112;&#x73;&#64;&#101;&#x6d;s&#45;&#x73;t&#x72;&#x61;&#117;&#x66;h&#97;&#x69;n&#46;&#x64;e<\/a><\/p>\n<p>[\/et_pb_text][et_pb_cta admin_label=&#8220;Handlungsaufruf&#8220; title=&#8220;You wish to begin a career with EMS?&#8220; button_url=&#8220;\/en\/carreer\/job-vacancies&#8220; url_new_window=&#8220;off&#8220; button_text=&#8220;Check our current job vacancies list&#8220; use_background_color=&#8220;off&#8220; background_color=&#8220;#006886&#8243; background_layout=&#8220;light&#8220; text_orientation=&#8220;left&#8220; use_border_color=&#8220;off&#8220; border_color=&#8220;#ffffff&#8220; border_style=&#8220;solid&#8220; custom_button=&#8220;off&#8220; button_letter_spacing=&#8220;0&#8243; button_use_icon=&#8220;default&#8220; button_icon_placement=&#8220;right&#8220; button_on_hover=&#8220;on&#8220; button_letter_spacing_hover=&#8220;0&#8243;]<\/p>\n<p>[\/et_pb_cta][\/et_pb_column][\/et_pb_section][et_pb_section admin_label=&#8220;Sektion&#8220; fullwidth=&#8220;off&#8220; specialty=&#8220;off&#8220;][et_pb_row admin_label=&#8220;Zeile&#8220;][et_pb_column type=&#8220;4_4&#8243;][et_pb_divider admin_label=&#8220;Teiler&#8220; color=&#8220;#ffffff&#8220; show_divider=&#8220;off&#8220; height=&#8220;10&#8243; divider_style=&#8220;solid&#8220; divider_position=&#8220;top&#8220; hide_on_mobile=&#8220;on&#8220;]<\/p>\n<p>[\/et_pb_divider][\/et_pb_column][\/et_pb_row][\/et_pb_section]<\/p>\n","protected":false},"excerpt":{"rendered":"<p>Should you wish to begin a career with EMS, please refer to our current job vacancies list. Modern facilities offer our staff a spacious and optimal working environment. Modern technology requires a highly qualified workforce. In the various departments of our company we employ specialists from the following professional groups: mechanical engineers electrical engineers industrial [&hellip;]<\/p>\n","protected":false},"author":1,"featured_media":0,"parent":0,"menu_order":100,"comment_status":"closed","ping_status":"closed","template":"","meta":{"_et_pb_use_builder":"on","_et_pb_old_content":"M\u00f6chten Sie Karriere bei EMS machen, dann beachten Sie bitte unsere aktuellen Stellenangebote.\r\n\r\nModerne Firmengeb\u00e4ude bieten unseren Mitarbeitern ein gro\u00dfz\u00fcgiges und optima\u00adles Arbeitsumfeld.","_et_gb_content_width":"","footnotes":""},"class_list":["post-37","page","type-page","status-publish","hentry"],"yoast_head":"<!-- This site is optimized with the Yoast SEO plugin v27.2 - https:\/\/yoast.com\/product\/yoast-seo-wordpress\/ -->\n<title>Career - EMS Straufhain<\/title>\n<meta name=\"robots\" content=\"index, follow, max-snippet:-1, max-image-preview:large, max-video-preview:-1\" \/>\n<link rel=\"canonical\" href=\"https:\/\/www.ems-straufhain.de\/en\/career\/\" \/>\n<meta property=\"og:locale\" content=\"de_DE\" \/>\n<meta property=\"og:type\" content=\"article\" \/>\n<meta property=\"og:title\" content=\"Career - EMS Straufhain\" \/>\n<meta property=\"og:description\" content=\"Should you wish to begin a career with EMS, please refer to our current job vacancies list. Modern facilities offer our staff a spacious and optimal working environment. Modern technology requires a highly qualified workforce. In the various departments of our company we employ specialists from the following professional groups: mechanical engineers electrical engineers industrial [&hellip;]\" \/>\n<meta property=\"og:url\" content=\"https:\/\/www.ems-straufhain.de\/en\/career\/\" \/>\n<meta property=\"og:site_name\" content=\"EMS Straufhain\" \/>\n<meta property=\"article:modified_time\" content=\"2024-12-09T09:43:54+00:00\" \/>\n<meta property=\"og:image\" content=\"https:\/\/www.ems-straufhain.de\/en\/wp-content\/uploads\/sites\/2\/2016\/04\/slider.jpg\" \/>\n\t<meta property=\"og:image:width\" content=\"1600\" \/>\n\t<meta property=\"og:image:height\" content=\"539\" \/>\n\t<meta property=\"og:image:type\" content=\"image\/jpeg\" \/>\n<meta name=\"twitter:card\" content=\"summary_large_image\" \/>\n<meta name=\"twitter:label1\" content=\"Gesch\u00e4tzte Lesezeit\" \/>\n\t<meta name=\"twitter:data1\" content=\"3\u00a0Minuten\" \/>\n<script type=\"application\/ld+json\" class=\"yoast-schema-graph\">{\"@context\":\"https:\/\/schema.org\",\"@graph\":[{\"@type\":\"WebPage\",\"@id\":\"https:\/\/www.ems-straufhain.de\/en\/career\/\",\"url\":\"https:\/\/www.ems-straufhain.de\/en\/career\/\",\"name\":\"Career - EMS Straufhain\",\"isPartOf\":{\"@id\":\"https:\/\/www.ems-straufhain.de\/en\/#website\"},\"datePublished\":\"2016-04-07T08:47:34+00:00\",\"dateModified\":\"2024-12-09T09:43:54+00:00\",\"breadcrumb\":{\"@id\":\"https:\/\/www.ems-straufhain.de\/en\/career\/#breadcrumb\"},\"inLanguage\":\"de\",\"potentialAction\":[{\"@type\":\"ReadAction\",\"target\":[\"https:\/\/www.ems-straufhain.de\/en\/career\/\"]}]},{\"@type\":\"BreadcrumbList\",\"@id\":\"https:\/\/www.ems-straufhain.de\/en\/career\/#breadcrumb\",\"itemListElement\":[{\"@type\":\"ListItem\",\"position\":1,\"name\":\"Startseite\",\"item\":\"https:\/\/www.ems-straufhain.de\/en\/\"},{\"@type\":\"ListItem\",\"position\":2,\"name\":\"Career\"}]},{\"@type\":\"WebSite\",\"@id\":\"https:\/\/www.ems-straufhain.de\/en\/#website\",\"url\":\"https:\/\/www.ems-straufhain.de\/en\/\",\"name\":\"EMS Straufhain\",\"description\":\"Perfektion und Pr\u00e4zision in Metall\",\"publisher\":{\"@id\":\"https:\/\/www.ems-straufhain.de\/en\/#organization\"},\"alternateName\":\"EMS Straufhain GmbH\",\"potentialAction\":[{\"@type\":\"SearchAction\",\"target\":{\"@type\":\"EntryPoint\",\"urlTemplate\":\"https:\/\/www.ems-straufhain.de\/en\/?s={search_term_string}\"},\"query-input\":{\"@type\":\"PropertyValueSpecification\",\"valueRequired\":true,\"valueName\":\"search_term_string\"}}],\"inLanguage\":\"de\"},{\"@type\":\"Organization\",\"@id\":\"https:\/\/www.ems-straufhain.de\/en\/#organization\",\"name\":\"EMS Straufhain GmbH\",\"url\":\"https:\/\/www.ems-straufhain.de\/en\/\",\"logo\":{\"@type\":\"ImageObject\",\"inLanguage\":\"de\",\"@id\":\"https:\/\/www.ems-straufhain.de\/en\/#\/schema\/logo\/image\/\",\"url\":\"https:\/\/www.ems-straufhain.de\/en\/wp-content\/uploads\/sites\/2\/2016\/06\/ems-logo.png\",\"contentUrl\":\"https:\/\/www.ems-straufhain.de\/en\/wp-content\/uploads\/sites\/2\/2016\/06\/ems-logo.png\",\"width\":301,\"height\":150,\"caption\":\"EMS Straufhain GmbH\"},\"image\":{\"@id\":\"https:\/\/www.ems-straufhain.de\/en\/#\/schema\/logo\/image\/\"}}]}<\/script>\n<!-- \/ Yoast SEO plugin. -->","yoast_head_json":{"title":"Career - EMS Straufhain","robots":{"index":"index","follow":"follow","max-snippet":"max-snippet:-1","max-image-preview":"max-image-preview:large","max-video-preview":"max-video-preview:-1"},"canonical":"https:\/\/www.ems-straufhain.de\/en\/career\/","og_locale":"de_DE","og_type":"article","og_title":"Career - EMS Straufhain","og_description":"Should you wish to begin a career with EMS, please refer to our current job vacancies list. Modern facilities offer our staff a spacious and optimal working environment. Modern technology requires a highly qualified workforce. In the various departments of our company we employ specialists from the following professional groups: mechanical engineers electrical engineers industrial [&hellip;]","og_url":"https:\/\/www.ems-straufhain.de\/en\/career\/","og_site_name":"EMS Straufhain","article_modified_time":"2024-12-09T09:43:54+00:00","og_image":[{"width":1600,"height":539,"url":"https:\/\/www.ems-straufhain.de\/en\/wp-content\/uploads\/sites\/2\/2016\/04\/slider.jpg","type":"image\/jpeg"}],"twitter_card":"summary_large_image","twitter_misc":{"Gesch\u00e4tzte Lesezeit":"3\u00a0Minuten"},"schema":{"@context":"https:\/\/schema.org","@graph":[{"@type":"WebPage","@id":"https:\/\/www.ems-straufhain.de\/en\/career\/","url":"https:\/\/www.ems-straufhain.de\/en\/career\/","name":"Career - EMS Straufhain","isPartOf":{"@id":"https:\/\/www.ems-straufhain.de\/en\/#website"},"datePublished":"2016-04-07T08:47:34+00:00","dateModified":"2024-12-09T09:43:54+00:00","breadcrumb":{"@id":"https:\/\/www.ems-straufhain.de\/en\/career\/#breadcrumb"},"inLanguage":"de","potentialAction":[{"@type":"ReadAction","target":["https:\/\/www.ems-straufhain.de\/en\/career\/"]}]},{"@type":"BreadcrumbList","@id":"https:\/\/www.ems-straufhain.de\/en\/career\/#breadcrumb","itemListElement":[{"@type":"ListItem","position":1,"name":"Startseite","item":"https:\/\/www.ems-straufhain.de\/en\/"},{"@type":"ListItem","position":2,"name":"Career"}]},{"@type":"WebSite","@id":"https:\/\/www.ems-straufhain.de\/en\/#website","url":"https:\/\/www.ems-straufhain.de\/en\/","name":"EMS Straufhain","description":"Perfektion und Pr\u00e4zision in Metall","publisher":{"@id":"https:\/\/www.ems-straufhain.de\/en\/#organization"},"alternateName":"EMS Straufhain GmbH","potentialAction":[{"@type":"SearchAction","target":{"@type":"EntryPoint","urlTemplate":"https:\/\/www.ems-straufhain.de\/en\/?s={search_term_string}"},"query-input":{"@type":"PropertyValueSpecification","valueRequired":true,"valueName":"search_term_string"}}],"inLanguage":"de"},{"@type":"Organization","@id":"https:\/\/www.ems-straufhain.de\/en\/#organization","name":"EMS Straufhain GmbH","url":"https:\/\/www.ems-straufhain.de\/en\/","logo":{"@type":"ImageObject","inLanguage":"de","@id":"https:\/\/www.ems-straufhain.de\/en\/#\/schema\/logo\/image\/","url":"https:\/\/www.ems-straufhain.de\/en\/wp-content\/uploads\/sites\/2\/2016\/06\/ems-logo.png","contentUrl":"https:\/\/www.ems-straufhain.de\/en\/wp-content\/uploads\/sites\/2\/2016\/06\/ems-logo.png","width":301,"height":150,"caption":"EMS Straufhain GmbH"},"image":{"@id":"https:\/\/www.ems-straufhain.de\/en\/#\/schema\/logo\/image\/"}}]}},"_links":{"self":[{"href":"https:\/\/www.ems-straufhain.de\/en\/wp-json\/wp\/v2\/pages\/37","targetHints":{"allow":["GET"]}}],"collection":[{"href":"https:\/\/www.ems-straufhain.de\/en\/wp-json\/wp\/v2\/pages"}],"about":[{"href":"https:\/\/www.ems-straufhain.de\/en\/wp-json\/wp\/v2\/types\/page"}],"author":[{"embeddable":true,"href":"https:\/\/www.ems-straufhain.de\/en\/wp-json\/wp\/v2\/users\/1"}],"replies":[{"embeddable":true,"href":"https:\/\/www.ems-straufhain.de\/en\/wp-json\/wp\/v2\/comments?post=37"}],"version-history":[{"count":0,"href":"https:\/\/www.ems-straufhain.de\/en\/wp-json\/wp\/v2\/pages\/37\/revisions"}],"wp:attachment":[{"href":"https:\/\/www.ems-straufhain.de\/en\/wp-json\/wp\/v2\/media?parent=37"}],"curies":[{"name":"wp","href":"https:\/\/api.w.org\/{rel}","templated":true}]}}