{"id":38,"date":"2016-04-07T10:47:34","date_gmt":"2016-04-07T08:47:34","guid":{"rendered":"http:\/\/ems-straufhain.wp\/?page_id=38"},"modified":"2020-05-13T11:55:59","modified_gmt":"2020-05-13T09:55:59","slug":"job-vacancies","status":"publish","type":"page","link":"https:\/\/www.ems-straufhain.de\/en\/career\/job-vacancies\/","title":{"rendered":"Job Vacancies"},"content":{"rendered":"<p>[et_pb_section admin_label=&#8220;Sektion&#8220; fullwidth=&#8220;on&#8220; specialty=&#8220;off&#8220;][et_pb_fullwidth_slider admin_label=&#8220;Vollbreiter Slider&#8220; show_arrows=&#8220;on&#8220; show_pagination=&#8220;on&#8220; auto=&#8220;off&#8220; auto_ignore_hover=&#8220;off&#8220; parallax=&#8220;off&#8220; parallax_method=&#8220;off&#8220; remove_inner_shadow=&#8220;off&#8220; background_position=&#8220;default&#8220; background_size=&#8220;default&#8220; hide_content_on_mobile=&#8220;off&#8220; hide_cta_on_mobile=&#8220;off&#8220; show_image_video_mobile=&#8220;off&#8220; custom_button=&#8220;off&#8220; button_letter_spacing=&#8220;0&#8243; button_use_icon=&#8220;default&#8220; button_icon_placement=&#8220;right&#8220; button_on_hover=&#8220;on&#8220; button_letter_spacing_hover=&#8220;0&#8243;]<\/p>\n<p>[et_pb_slide background_image=&#8220;http:\/\/www.ems-straufhain.de\/en\/wp-content\/uploads\/sites\/2\/2016\/04\/ems_slider_karriere-1.jpg&#8220; background_position=&#8220;default&#8220; background_size=&#8220;default&#8220; background_color=&#8220;#ffffff&#8220; use_bg_overlay=&#8220;off&#8220; use_text_overlay=&#8220;off&#8220; alignment=&#8220;center&#8220; background_layout=&#8220;dark&#8220; allow_player_pause=&#8220;off&#8220; text_border_radius=&#8220;3&#8243; header_font_select=&#8220;default&#8220; header_font=&#8220;||||&#8220; body_font_select=&#8220;default&#8220; body_font=&#8220;||||&#8220; custom_button=&#8220;off&#8220; button_font_select=&#8220;default&#8220; button_font=&#8220;||||&#8220; button_use_icon=&#8220;default&#8220; button_icon_placement=&#8220;right&#8220; button_on_hover=&#8220;on&#8220;]<\/p>\n<p>[\/et_pb_slide]<\/p>\n<p>[\/et_pb_fullwidth_slider][\/et_pb_section][et_pb_section admin_label=&#8220;section&#8220;][et_pb_row admin_label=&#8220;Zeile&#8220; make_fullwidth=&#8220;off&#8220; use_custom_width=&#8220;off&#8220; width_unit=&#8220;on&#8220; use_custom_gutter=&#8220;off&#8220; custom_padding=&#8220;||0px|&#8220; padding_mobile=&#8220;off&#8220; allow_player_pause=&#8220;off&#8220; parallax=&#8220;off&#8220; parallax_method=&#8220;off&#8220; make_equal=&#8220;off&#8220; parallax_1=&#8220;off&#8220; parallax_method_1=&#8220;off&#8220; column_padding_mobile=&#8220;on&#8220;][et_pb_column type=&#8220;4_4&#8243;][et_pb_text admin_label=&#8220;Text&#8220; background_layout=&#8220;light&#8220; text_orientation=&#8220;left&#8220; use_border_color=&#8220;off&#8220; border_color=&#8220;#ffffff&#8220; border_style=&#8220;solid&#8220;]<\/p>\n<h3>Join our Team as:<\/h3>\n<p><span id=\"result_box\" class=\"short_text\" lang=\"en\">you see the details in <span class=\"\">German<\/span><\/span><\/p>\n<p>&nbsp;<\/p>\n<p>[\/et_pb_text][\/et_pb_column][\/et_pb_row][et_pb_row admin_label=&#8220;row&#8220;][et_pb_column type=&#8220;1_2&#8243;][et_pb_blurb admin_label=&#8220;Bediener\/in f\u00fcr Mehrspindeldrehautomaten&#8220; title=&#8220;Operator for multi-spindle lathe machines&#8220; url_new_window=&#8220;off&#8220; use_icon=&#8220;off&#8220; font_icon=&#8220;%%149%%&#8220; icon_color=&#8220;#006886&#8243; use_circle=&#8220;off&#8220; circle_color=&#8220;#006886&#8243; use_circle_border=&#8220;off&#8220; circle_border_color=&#8220;#006886&#8243; icon_placement=&#8220;top&#8220; animation=&#8220;top&#8220; background_layout=&#8220;light&#8220; text_orientation=&#8220;left&#8220; use_icon_font_size=&#8220;off&#8220; use_border_color=&#8220;off&#8220; border_color=&#8220;#ffffff&#8220; border_style=&#8220;solid&#8220; custom_margin=&#8220;0px|||&#8220; custom_padding=&#8220;0px|||&#8220;]<\/p>\n<p><strong>Die Aufgabe:<\/strong><\/p>\n<ul>\n<li>selbst\u00e4ndiges Bedienen von Mehrspindeldrehautomaten<\/li>\n<\/ul>\n<p><strong>Einstellungsvoraussetzungen:<\/strong><\/p>\n<ul>\n<li>abgeschlossene Berufsausbildung als Zerspanungsmechaniker\/in<\/li>\n<li>selbst\u00e4ndiges Arbeiten an Mehrspindeldrehautomaten<\/li>\n<li>Grundkentnisse am PC<\/li>\n<li>Grundfertigkeiten im Nachschleifen von Werkzeugen (Bohrer, Formst\u00e4hle)<\/li>\n<li>Zeichnungssicherheit<\/li>\n<li>Sie sind pr\u00e4zises und sorgf\u00e4ltiges Arbeiten gewohnt<\/li>\n<li>Umgang mit einfachen Mess- und Pr\u00fcfmitteln (Messschieber, feste Lehren etc.)<\/li>\n<li>mindestens Realschulabschluss<\/li>\n<li>Bereitschaft zur Schichtarbeit<\/li>\n<\/ul>\n<p>[\/et_pb_blurb][\/et_pb_column][et_pb_column type=&#8220;1_2&#8243;][et_pb_blurb admin_label=&#8220;Programmierer\/in f\u00fcr CNC Drehmaschinen&#8220; title=&#8220;Programmers for CNC-maschines&#8220; url_new_window=&#8220;off&#8220; use_icon=&#8220;off&#8220; icon_color=&#8220;#006886&#8243; use_circle=&#8220;off&#8220; circle_color=&#8220;#006886&#8243; use_circle_border=&#8220;off&#8220; circle_border_color=&#8220;#006886&#8243; icon_placement=&#8220;top&#8220; animation=&#8220;top&#8220; background_layout=&#8220;light&#8220; text_orientation=&#8220;left&#8220; use_icon_font_size=&#8220;off&#8220; use_border_color=&#8220;off&#8220; border_color=&#8220;#ffffff&#8220; border_style=&#8220;solid&#8220; font_icon=&#8220;%%149%%&#8220;]<\/p>\n<p><strong>Die Aufgabe:<\/strong><\/p>\n<ul>\n<li>erstellen und optimieren der CNC-Programme mit CAM System<\/li>\n<li>koordinieren der Maschinenbelegung<\/li>\n<li>optimieren von Prozessabl\u00e4ufen<\/li>\n<\/ul>\n<p><strong>Einstellungsvoraussetzungen:<\/strong><\/p>\n<ul>\n<li>mehrj\u00e4hrige Berufserfahrung und gute Kenntnisse im CNC-Programmieren und zerspanender Metallbearbeitung (Drehen)<\/li>\n<li>sehr gut abgeschlossene Ausbildung in einem Metallberuf, bevorzugt als Zerspanungsmechaniker\/in<\/li>\n<li>sehr gute PC- und Mathematik-Kenntnisse<\/li>\n<\/ul>\n<p>[\/et_pb_blurb][\/et_pb_column][\/et_pb_row][et_pb_row admin_label=&#8220;Zeile&#8220;][et_pb_column type=&#8220;1_2&#8243;][et_pb_blurb admin_label=&#8220;Einrichter\/in f\u00fcr CNC-Dreh- und Fr\u00e4smaschinen&#8220; title=&#8220;Tool-Setters for CNC-machines&#8220; url_new_window=&#8220;off&#8220; use_icon=&#8220;off&#8220; icon_color=&#8220;#006886&#8243; use_circle=&#8220;off&#8220; circle_color=&#8220;#006886&#8243; use_circle_border=&#8220;off&#8220; circle_border_color=&#8220;#006886&#8243; icon_placement=&#8220;top&#8220; animation=&#8220;top&#8220; background_layout=&#8220;light&#8220; text_orientation=&#8220;left&#8220; use_icon_font_size=&#8220;off&#8220; use_border_color=&#8220;off&#8220; border_color=&#8220;#ffffff&#8220; border_style=&#8220;solid&#8220; font_icon=&#8220;%%149%%&#8220;]<\/p>\n<p><strong>Die Aufgabe:<\/strong><\/p>\n<ul>\n<li>selbst\u00e4ndiges und eigenverantwortliches Einrichten von CNC-Drehmaschinen<br \/>\n(Kurzdreher, 1 Spindel, 1 Schlitten mit VDI Aufnahmen)<\/li>\n<li>Einzelprogrammierung der jeweiligen Maschine unter Anwendung der Steuerungen Siemens und Fanuc, Optimieren von Programmen<\/li>\n<li>Werkzeuge und Vorrichtungen ausw\u00e4hlen und nach Bedarf wechseln<\/li>\n<li>Sie r\u00fcsten die Maschine ein und \u00fcberwachen die Qualit\u00e4t der gefertigten Teile<\/li>\n<li>eigenst\u00e4ndige Durchf\u00fchrung von Ma\u00dfkorrekturen und Programm\u00e4nderungen<\/li>\n<\/ul>\n<p><strong>Einstellungsvoraussetzungen:<\/strong><\/p>\n<ul>\n<li>abgeschlossene Berufsausbildung als Zerspanungsmechaniker\/in und Berufserfahrung im Werkzeug- und Formenbau, gern auch zus\u00e4tzlich Ausbildung als Werkzeugmacher\/in<\/li>\n<li>gute F\u00e4higkeiten im Nachschleifen von Werkzeugen (Bohrer, Formst\u00e4hle)<\/li>\n<li>gute Kenntnisse im Umgang mit CNC-Maschinen<\/li>\n<li>Zeichnungssicherheit<\/li>\n<li>Sie sind pr\u00e4zises und sorgf\u00e4ltiges Arbeiten gewohnt<\/li>\n<li>gute PC Kenntnisse<\/li>\n<li>mindestens Realschulabschluss<\/li>\n<li>Bereitschaft zur Schichtarbeit<\/li>\n<li>mehrj\u00e4hrige Berufserfahrung in der Metallverarbeitung und im Einrichten von CNC-Maschinen<\/li>\n<\/ul>\n<p>[\/et_pb_blurb][\/et_pb_column][et_pb_column type=&#8220;1_2&#8243;][et_pb_blurb admin_label=&#8220;Bediener\/in f\u00fcr CNC Dreh- und Fr\u00e4smachinen&#8220; title=&#8220;Operator for CNC-machines&#8220; url_new_window=&#8220;off&#8220; use_icon=&#8220;off&#8220; icon_color=&#8220;#006886&#8243; use_circle=&#8220;off&#8220; circle_color=&#8220;#006886&#8243; use_circle_border=&#8220;off&#8220; circle_border_color=&#8220;#006886&#8243; icon_placement=&#8220;top&#8220; animation=&#8220;top&#8220; background_layout=&#8220;light&#8220; text_orientation=&#8220;left&#8220; use_icon_font_size=&#8220;off&#8220; use_border_color=&#8220;off&#8220; border_color=&#8220;#ffffff&#8220; border_style=&#8220;solid&#8220; font_icon=&#8220;%%149%%&#8220;]<\/p>\n<p><strong>Die Aufgabe:<\/strong><\/p>\n<ul>\n<li>selbst\u00e4ndiges Bedienen von CNC-Drehmaschinen<br \/>\n(Kurzdreher, 1 Spindel, 1 Schlitten mit VDI Aufnahmen)<\/li>\n<li>Durchf\u00fchrung von kleineren Ma\u00dfkorrekturen<\/li>\n<\/ul>\n<p><strong>Einstellungsvoraussetzungen:<\/strong><\/p>\n<ul>\n<li>abgeschlossene Berufsausbildung als Zerspanungsmechaniker\/in<\/li>\n<li>Grundkenntnisse der Steuerungen: Siemens, Fanuc<\/li>\n<li>selbst\u00e4ndiges Arbeiten an CNC-Drehmaschinen<\/li>\n<li>Grundkentnisse am PC<\/li>\n<li>Grundfertigkeiten im Nachschleifen von Werkzeugen (Bohrer, Formst\u00e4hle)<\/li>\n<li>Zeichnungssicherheit<\/li>\n<li>Sie sind pr\u00e4zises und sorgf\u00e4ltiges Arbeiten gewohnt<\/li>\n<li>gute PC Kenntnisse<\/li>\n<li>mindestens Realschulabschluss<\/li>\n<li>Bereitschaft zur Schichtarbeit<\/li>\n<\/ul>\n<p>[\/et_pb_blurb][\/et_pb_column][\/et_pb_row][\/et_pb_section][et_pb_section admin_label=&#8220;Sektion&#8220; fullwidth=&#8220;off&#8220; specialty=&#8220;off&#8220;][et_pb_row admin_label=&#8220;Zeile&#8220;][et_pb_column type=&#8220;4_4&#8243;][et_pb_text admin_label=&#8220;Text&#8220; background_layout=&#8220;light&#8220; text_orientation=&#8220;left&#8220; use_border_color=&#8220;off&#8220; border_color=&#8220;#ffffff&#8220; border_style=&#8220;solid&#8220;]<\/p>\n<p><strong>Are you interested?<\/strong><\/p>\n<p>We <span id=\"result_box\" class=\"short_text\" lang=\"en\"><span class=\"\">appreciate<\/span><\/span> your letter of application. Please send your telling documents and inform us about the date of your first possible entry and your salary image.<\/p>\n<p><strong>Adress for your letter of application:<\/strong><\/p>\n<p>EMS Straufhain GmbH<br \/>\nFrau Peggy Schmidt<br \/>\nAm Wei\u00dfbach 4<br \/>\n98646 Streufdorf<\/p>\n<p>[\/et_pb_text][\/et_pb_column][\/et_pb_row][\/et_pb_section]<\/p>\n","protected":false},"excerpt":{"rendered":"<p>Join our Team as: you see the details in German &nbsp; Die Aufgabe: selbst\u00e4ndiges Bedienen von Mehrspindeldrehautomaten Einstellungsvoraussetzungen: abgeschlossene Berufsausbildung als Zerspanungsmechaniker\/in selbst\u00e4ndiges Arbeiten an Mehrspindeldrehautomaten Grundkentnisse am PC Grundfertigkeiten im Nachschleifen von Werkzeugen (Bohrer, Formst\u00e4hle) Zeichnungssicherheit Sie sind pr\u00e4zises und sorgf\u00e4ltiges Arbeiten gewohnt Umgang mit einfachen Mess- und Pr\u00fcfmitteln (Messschieber, feste Lehren etc.) mindestens [&hellip;]<\/p>\n","protected":false},"author":1,"featured_media":0,"parent":37,"menu_order":0,"comment_status":"closed","ping_status":"closed","template":"","meta":{"_et_pb_use_builder":"on","_et_pb_old_content":"","_et_gb_content_width":"","footnotes":""},"class_list":["post-38","page","type-page","status-publish","hentry"],"yoast_head":"<!-- This site is optimized with the Yoast SEO plugin v27.2 - https:\/\/yoast.com\/product\/yoast-seo-wordpress\/ -->\n<title>Job Vacancies - EMS Straufhain<\/title>\n<meta name=\"robots\" content=\"index, follow, max-snippet:-1, max-image-preview:large, max-video-preview:-1\" \/>\n<link rel=\"canonical\" href=\"https:\/\/www.ems-straufhain.de\/en\/career\/job-vacancies\/\" \/>\n<meta property=\"og:locale\" content=\"de_DE\" \/>\n<meta property=\"og:type\" content=\"article\" \/>\n<meta property=\"og:title\" content=\"Job Vacancies - EMS Straufhain\" \/>\n<meta property=\"og:description\" content=\"Join our Team as: you see the details in German &nbsp; Die Aufgabe: selbst\u00e4ndiges Bedienen von Mehrspindeldrehautomaten Einstellungsvoraussetzungen: abgeschlossene Berufsausbildung als Zerspanungsmechaniker\/in selbst\u00e4ndiges Arbeiten an Mehrspindeldrehautomaten Grundkentnisse am PC Grundfertigkeiten im Nachschleifen von Werkzeugen (Bohrer, Formst\u00e4hle) Zeichnungssicherheit Sie sind pr\u00e4zises und sorgf\u00e4ltiges Arbeiten gewohnt Umgang mit einfachen Mess- und Pr\u00fcfmitteln (Messschieber, feste Lehren etc.) mindestens [&hellip;]\" \/>\n<meta property=\"og:url\" content=\"https:\/\/www.ems-straufhain.de\/en\/career\/job-vacancies\/\" \/>\n<meta property=\"og:site_name\" content=\"EMS Straufhain\" \/>\n<meta property=\"article:modified_time\" content=\"2020-05-13T09:55:59+00:00\" \/>\n<meta property=\"og:image\" content=\"https:\/\/www.ems-straufhain.de\/en\/wp-content\/uploads\/sites\/2\/2016\/04\/slider.jpg\" \/>\n\t<meta property=\"og:image:width\" content=\"1600\" \/>\n\t<meta property=\"og:image:height\" content=\"539\" \/>\n\t<meta property=\"og:image:type\" content=\"image\/jpeg\" \/>\n<meta name=\"twitter:card\" content=\"summary_large_image\" \/>\n<meta name=\"twitter:label1\" content=\"Gesch\u00e4tzte Lesezeit\" \/>\n\t<meta name=\"twitter:data1\" content=\"5\u00a0Minuten\" \/>\n<script type=\"application\/ld+json\" class=\"yoast-schema-graph\">{\"@context\":\"https:\/\/schema.org\",\"@graph\":[{\"@type\":\"WebPage\",\"@id\":\"https:\/\/www.ems-straufhain.de\/en\/career\/job-vacancies\/\",\"url\":\"https:\/\/www.ems-straufhain.de\/en\/career\/job-vacancies\/\",\"name\":\"Job Vacancies - EMS Straufhain\",\"isPartOf\":{\"@id\":\"https:\/\/www.ems-straufhain.de\/en\/#website\"},\"datePublished\":\"2016-04-07T08:47:34+00:00\",\"dateModified\":\"2020-05-13T09:55:59+00:00\",\"breadcrumb\":{\"@id\":\"https:\/\/www.ems-straufhain.de\/en\/career\/job-vacancies\/#breadcrumb\"},\"inLanguage\":\"de\",\"potentialAction\":[{\"@type\":\"ReadAction\",\"target\":[\"https:\/\/www.ems-straufhain.de\/en\/career\/job-vacancies\/\"]}]},{\"@type\":\"BreadcrumbList\",\"@id\":\"https:\/\/www.ems-straufhain.de\/en\/career\/job-vacancies\/#breadcrumb\",\"itemListElement\":[{\"@type\":\"ListItem\",\"position\":1,\"name\":\"Startseite\",\"item\":\"https:\/\/www.ems-straufhain.de\/en\/\"},{\"@type\":\"ListItem\",\"position\":2,\"name\":\"Career\",\"item\":\"https:\/\/www.ems-straufhain.de\/en\/career\/\"},{\"@type\":\"ListItem\",\"position\":3,\"name\":\"Job Vacancies\"}]},{\"@type\":\"WebSite\",\"@id\":\"https:\/\/www.ems-straufhain.de\/en\/#website\",\"url\":\"https:\/\/www.ems-straufhain.de\/en\/\",\"name\":\"EMS Straufhain\",\"description\":\"Perfektion und Pr\u00e4zision in Metall\",\"publisher\":{\"@id\":\"https:\/\/www.ems-straufhain.de\/en\/#organization\"},\"alternateName\":\"EMS Straufhain GmbH\",\"potentialAction\":[{\"@type\":\"SearchAction\",\"target\":{\"@type\":\"EntryPoint\",\"urlTemplate\":\"https:\/\/www.ems-straufhain.de\/en\/?s={search_term_string}\"},\"query-input\":{\"@type\":\"PropertyValueSpecification\",\"valueRequired\":true,\"valueName\":\"search_term_string\"}}],\"inLanguage\":\"de\"},{\"@type\":\"Organization\",\"@id\":\"https:\/\/www.ems-straufhain.de\/en\/#organization\",\"name\":\"EMS Straufhain GmbH\",\"url\":\"https:\/\/www.ems-straufhain.de\/en\/\",\"logo\":{\"@type\":\"ImageObject\",\"inLanguage\":\"de\",\"@id\":\"https:\/\/www.ems-straufhain.de\/en\/#\/schema\/logo\/image\/\",\"url\":\"https:\/\/www.ems-straufhain.de\/en\/wp-content\/uploads\/sites\/2\/2016\/06\/ems-logo.png\",\"contentUrl\":\"https:\/\/www.ems-straufhain.de\/en\/wp-content\/uploads\/sites\/2\/2016\/06\/ems-logo.png\",\"width\":301,\"height\":150,\"caption\":\"EMS Straufhain GmbH\"},\"image\":{\"@id\":\"https:\/\/www.ems-straufhain.de\/en\/#\/schema\/logo\/image\/\"}}]}<\/script>\n<!-- \/ Yoast SEO plugin. -->","yoast_head_json":{"title":"Job Vacancies - EMS Straufhain","robots":{"index":"index","follow":"follow","max-snippet":"max-snippet:-1","max-image-preview":"max-image-preview:large","max-video-preview":"max-video-preview:-1"},"canonical":"https:\/\/www.ems-straufhain.de\/en\/career\/job-vacancies\/","og_locale":"de_DE","og_type":"article","og_title":"Job Vacancies - EMS Straufhain","og_description":"Join our Team as: you see the details in German &nbsp; Die Aufgabe: selbst\u00e4ndiges Bedienen von Mehrspindeldrehautomaten Einstellungsvoraussetzungen: abgeschlossene Berufsausbildung als Zerspanungsmechaniker\/in selbst\u00e4ndiges Arbeiten an Mehrspindeldrehautomaten Grundkentnisse am PC Grundfertigkeiten im Nachschleifen von Werkzeugen (Bohrer, Formst\u00e4hle) Zeichnungssicherheit Sie sind pr\u00e4zises und sorgf\u00e4ltiges Arbeiten gewohnt Umgang mit einfachen Mess- und Pr\u00fcfmitteln (Messschieber, feste Lehren etc.) mindestens [&hellip;]","og_url":"https:\/\/www.ems-straufhain.de\/en\/career\/job-vacancies\/","og_site_name":"EMS Straufhain","article_modified_time":"2020-05-13T09:55:59+00:00","og_image":[{"width":1600,"height":539,"url":"https:\/\/www.ems-straufhain.de\/en\/wp-content\/uploads\/sites\/2\/2016\/04\/slider.jpg","type":"image\/jpeg"}],"twitter_card":"summary_large_image","twitter_misc":{"Gesch\u00e4tzte Lesezeit":"5\u00a0Minuten"},"schema":{"@context":"https:\/\/schema.org","@graph":[{"@type":"WebPage","@id":"https:\/\/www.ems-straufhain.de\/en\/career\/job-vacancies\/","url":"https:\/\/www.ems-straufhain.de\/en\/career\/job-vacancies\/","name":"Job Vacancies - EMS Straufhain","isPartOf":{"@id":"https:\/\/www.ems-straufhain.de\/en\/#website"},"datePublished":"2016-04-07T08:47:34+00:00","dateModified":"2020-05-13T09:55:59+00:00","breadcrumb":{"@id":"https:\/\/www.ems-straufhain.de\/en\/career\/job-vacancies\/#breadcrumb"},"inLanguage":"de","potentialAction":[{"@type":"ReadAction","target":["https:\/\/www.ems-straufhain.de\/en\/career\/job-vacancies\/"]}]},{"@type":"BreadcrumbList","@id":"https:\/\/www.ems-straufhain.de\/en\/career\/job-vacancies\/#breadcrumb","itemListElement":[{"@type":"ListItem","position":1,"name":"Startseite","item":"https:\/\/www.ems-straufhain.de\/en\/"},{"@type":"ListItem","position":2,"name":"Career","item":"https:\/\/www.ems-straufhain.de\/en\/career\/"},{"@type":"ListItem","position":3,"name":"Job Vacancies"}]},{"@type":"WebSite","@id":"https:\/\/www.ems-straufhain.de\/en\/#website","url":"https:\/\/www.ems-straufhain.de\/en\/","name":"EMS Straufhain","description":"Perfektion und Pr\u00e4zision in Metall","publisher":{"@id":"https:\/\/www.ems-straufhain.de\/en\/#organization"},"alternateName":"EMS Straufhain GmbH","potentialAction":[{"@type":"SearchAction","target":{"@type":"EntryPoint","urlTemplate":"https:\/\/www.ems-straufhain.de\/en\/?s={search_term_string}"},"query-input":{"@type":"PropertyValueSpecification","valueRequired":true,"valueName":"search_term_string"}}],"inLanguage":"de"},{"@type":"Organization","@id":"https:\/\/www.ems-straufhain.de\/en\/#organization","name":"EMS Straufhain GmbH","url":"https:\/\/www.ems-straufhain.de\/en\/","logo":{"@type":"ImageObject","inLanguage":"de","@id":"https:\/\/www.ems-straufhain.de\/en\/#\/schema\/logo\/image\/","url":"https:\/\/www.ems-straufhain.de\/en\/wp-content\/uploads\/sites\/2\/2016\/06\/ems-logo.png","contentUrl":"https:\/\/www.ems-straufhain.de\/en\/wp-content\/uploads\/sites\/2\/2016\/06\/ems-logo.png","width":301,"height":150,"caption":"EMS Straufhain GmbH"},"image":{"@id":"https:\/\/www.ems-straufhain.de\/en\/#\/schema\/logo\/image\/"}}]}},"_links":{"self":[{"href":"https:\/\/www.ems-straufhain.de\/en\/wp-json\/wp\/v2\/pages\/38","targetHints":{"allow":["GET"]}}],"collection":[{"href":"https:\/\/www.ems-straufhain.de\/en\/wp-json\/wp\/v2\/pages"}],"about":[{"href":"https:\/\/www.ems-straufhain.de\/en\/wp-json\/wp\/v2\/types\/page"}],"author":[{"embeddable":true,"href":"https:\/\/www.ems-straufhain.de\/en\/wp-json\/wp\/v2\/users\/1"}],"replies":[{"embeddable":true,"href":"https:\/\/www.ems-straufhain.de\/en\/wp-json\/wp\/v2\/comments?post=38"}],"version-history":[{"count":0,"href":"https:\/\/www.ems-straufhain.de\/en\/wp-json\/wp\/v2\/pages\/38\/revisions"}],"up":[{"embeddable":true,"href":"https:\/\/www.ems-straufhain.de\/en\/wp-json\/wp\/v2\/pages\/37"}],"wp:attachment":[{"href":"https:\/\/www.ems-straufhain.de\/en\/wp-json\/wp\/v2\/media?parent=38"}],"curies":[{"name":"wp","href":"https:\/\/api.w.org\/{rel}","templated":true}]}}